{"id":2520,"date":"2022-04-11T16:25:33","date_gmt":"2022-04-11T14:25:33","guid":{"rendered":"https:\/\/www.loruenser.org\/impressum\/"},"modified":"2023-04-03T11:52:31","modified_gmt":"2023-04-03T09:52:31","slug":"impressum","status":"publish","type":"page","link":"https:\/\/www.loruenser.org\/en\/impressum\/","title":{"rendered":"Imprint"},"content":{"rendered":"\n<h3 class=\"wp-block-heading\">Publisher and owner<\/h3>\n\n\n\n<p>LOR\u00dcNSER Austria GmbH<br>Bahnhofstra\u00dfe 9<br>6824 Schlins<\/p>\n\n\n\n<p>Founding year: 1978<br>Company object:\u00a0Metal-technical industry; trading business<br>Managing director: J\u00fcrgen Thurnher<br>E-Mail: office@loruenser.org\u00a0<br>Phone: +43 5524 8291-40<\/p>\n\n\n\n<p>Companies\u2019 register number:\u00a0FN 66094Y<br>Court:\u00a0Handelsgericht Feldkirch<br>Austrian chamber of commerce<br>Head office: Schlins<br>Sales tax identification number:\u00a0ATU44325404<\/p>\n\n\n\n<h3 class=\"wp-block-heading\">Copyright<\/h3>\n\n\n\n<p>The content of this website is protected by copyright. The information is intended for personal use only. Any further use, in particular storage in databases, duplication and any form of commercial use and disclosure to third parties, even in part or in revised form, is prohibited without the consent of the publisher.<\/p>\n\n\n\n<h3 class=\"wp-block-heading\">Disclaimer<\/h3>\n\n\n\n<p>The contents of this website were created with the greatest possible care. In terms of the technical characteristics of the Internet, no guarantee can be given for the authenticity, correctness and completeness of the information provided on the Internet. Nor is any guarantee given for the availability or operation of the website in question and its contents. Any liability for direct, indirect or other damages, regardless of their cause, arising from the use or unavailability of the data and information on this website is excluded to the extent permitted by law.<\/p>\n\n\n\n<h3 class=\"wp-block-heading\"><strong>Image credits<\/strong><\/h3>\n\n\n\n<ul class=\"wp-block-list\"><li>Lor\u00fcnser Austria Archiv<\/li><li>Carola Eugster Photography (www.carolaeugster.com)<\/li><li>Austro Drones (www.austrodrones.com)<\/li><li>istockphoto.com<\/li><li>Carolin Stiastny PR<\/li><\/ul>\n","protected":false},"excerpt":{"rendered":"<p>Publisher and owner LOR\u00dcNSER Austria GmbHBahnhofstra\u00dfe 96824 Schlins Founding year: 1978Company object:\u00a0Metal-technical industry; trading businessManaging director: J\u00fcrgen ThurnherE-Mail: office@loruenser.org\u00a0Phone: +43 5524 8291-40 Companies\u2019 register number:\u00a0FN 66094YCourt:\u00a0Handelsgericht FeldkirchAustrian chamber of commerceHead office: SchlinsSales tax identification number:\u00a0ATU44325404 Copyright The content of this website is protected by copyright. The information is intended for personal use only. Any further [&hellip;]<\/p>\n","protected":false},"author":11,"featured_media":0,"parent":0,"menu_order":0,"comment_status":"closed","ping_status":"closed","template":"","meta":{"_acf_changed":false,"_kad_blocks_custom_css":"","_kad_blocks_head_custom_js":"","_kad_blocks_body_custom_js":"","_kad_blocks_footer_custom_js":"","footnotes":""},"class_list":["post-2520","page","type-page","status-publish","hentry"],"acf":[],"yoast_head":"<!-- This site is optimized with the Yoast SEO plugin v25.9 - https:\/\/yoast.com\/wordpress\/plugins\/seo\/ -->\n<title>Imprint - Lor\u00fcnser<\/title>\n<meta name=\"robots\" content=\"index, follow, max-snippet:-1, max-image-preview:large, max-video-preview:-1\" \/>\n<link rel=\"canonical\" href=\"https:\/\/www.loruenser.org\/impressum\/\" \/>\n<meta property=\"og:locale\" content=\"en_US\" \/>\n<meta property=\"og:type\" content=\"article\" \/>\n<meta property=\"og:title\" content=\"Imprint - Lor\u00fcnser\" \/>\n<meta property=\"og:description\" content=\"Publisher and owner LOR\u00dcNSER Austria GmbHBahnhofstra\u00dfe 96824 Schlins Founding year: 1978Company object:\u00a0Metal-technical industry; trading businessManaging director: J\u00fcrgen ThurnherE-Mail: office@loruenser.org\u00a0Phone: +43 5524 8291-40 Companies\u2019 register number:\u00a0FN 66094YCourt:\u00a0Handelsgericht FeldkirchAustrian chamber of commerceHead office: SchlinsSales tax identification number:\u00a0ATU44325404 Copyright The content of this website is protected by copyright. The information is intended for personal use only. Any further [&hellip;]\" \/>\n<meta property=\"og:url\" content=\"https:\/\/www.loruenser.org\/impressum\/\" \/>\n<meta property=\"og:site_name\" content=\"Lor\u00fcnser\" \/>\n<meta property=\"article:modified_time\" content=\"2023-04-03T09:52:31+00:00\" \/>\n<meta name=\"twitter:card\" content=\"summary_large_image\" \/>\n<meta name=\"twitter:label1\" content=\"Est. reading time\" \/>\n\t<meta name=\"twitter:data1\" content=\"2 minutes\" \/>\n<script type=\"application\/ld+json\" class=\"yoast-schema-graph\">{\"@context\":\"https:\/\/schema.org\",\"@graph\":[{\"@type\":\"WebPage\",\"@id\":\"https:\/\/www.loruenser.org\/impressum\/\",\"url\":\"https:\/\/www.loruenser.org\/impressum\/\",\"name\":\"Imprint - Lor\u00fcnser\",\"isPartOf\":{\"@id\":\"https:\/\/www.loruenser.org\/#website\"},\"datePublished\":\"2022-04-11T14:25:33+00:00\",\"dateModified\":\"2023-04-03T09:52:31+00:00\",\"inLanguage\":\"en-US\",\"potentialAction\":[{\"@type\":\"ReadAction\",\"target\":[\"https:\/\/www.loruenser.org\/impressum\/\"]}]},{\"@type\":\"WebSite\",\"@id\":\"https:\/\/www.loruenser.org\/#website\",\"url\":\"https:\/\/www.loruenser.org\/\",\"name\":\"Lor\u00fcnser\",\"description\":\"Ein Unternehmen der Knillgruppe\",\"potentialAction\":[{\"@type\":\"SearchAction\",\"target\":{\"@type\":\"EntryPoint\",\"urlTemplate\":\"https:\/\/www.loruenser.org\/?s={search_term_string}\"},\"query-input\":{\"@type\":\"PropertyValueSpecification\",\"valueRequired\":true,\"valueName\":\"search_term_string\"}}],\"inLanguage\":\"en-US\"}]}<\/script>\n<!-- \/ Yoast SEO plugin. -->","yoast_head_json":{"title":"Imprint - Lor\u00fcnser","robots":{"index":"index","follow":"follow","max-snippet":"max-snippet:-1","max-image-preview":"max-image-preview:large","max-video-preview":"max-video-preview:-1"},"canonical":"https:\/\/www.loruenser.org\/impressum\/","og_locale":"en_US","og_type":"article","og_title":"Imprint - Lor\u00fcnser","og_description":"Publisher and owner LOR\u00dcNSER Austria GmbHBahnhofstra\u00dfe 96824 Schlins Founding year: 1978Company object:\u00a0Metal-technical industry; trading businessManaging director: J\u00fcrgen ThurnherE-Mail: office@loruenser.org\u00a0Phone: +43 5524 8291-40 Companies\u2019 register number:\u00a0FN 66094YCourt:\u00a0Handelsgericht FeldkirchAustrian chamber of commerceHead office: SchlinsSales tax identification number:\u00a0ATU44325404 Copyright The content of this website is protected by copyright. The information is intended for personal use only. Any further [&hellip;]","og_url":"https:\/\/www.loruenser.org\/impressum\/","og_site_name":"Lor\u00fcnser","article_modified_time":"2023-04-03T09:52:31+00:00","twitter_card":"summary_large_image","twitter_misc":{"Est. reading time":"2 minutes"},"schema":{"@context":"https:\/\/schema.org","@graph":[{"@type":"WebPage","@id":"https:\/\/www.loruenser.org\/impressum\/","url":"https:\/\/www.loruenser.org\/impressum\/","name":"Imprint - Lor\u00fcnser","isPartOf":{"@id":"https:\/\/www.loruenser.org\/#website"},"datePublished":"2022-04-11T14:25:33+00:00","dateModified":"2023-04-03T09:52:31+00:00","inLanguage":"en-US","potentialAction":[{"@type":"ReadAction","target":["https:\/\/www.loruenser.org\/impressum\/"]}]},{"@type":"WebSite","@id":"https:\/\/www.loruenser.org\/#website","url":"https:\/\/www.loruenser.org\/","name":"Lor\u00fcnser","description":"Ein Unternehmen der Knillgruppe","potentialAction":[{"@type":"SearchAction","target":{"@type":"EntryPoint","urlTemplate":"https:\/\/www.loruenser.org\/?s={search_term_string}"},"query-input":{"@type":"PropertyValueSpecification","valueRequired":true,"valueName":"search_term_string"}}],"inLanguage":"en-US"}]}},"featured_image_src_large":false,"author_info":{"display_name":"lassbacher-lukas","author_link":"https:\/\/www.loruenser.org\/en\/author\/lassbacher-lukas\/"},"comment_info":0,"taxonomy_info":[],"_links":{"self":[{"href":"https:\/\/www.loruenser.org\/en\/wp-json\/wp\/v2\/pages\/2520","targetHints":{"allow":["GET"]}}],"collection":[{"href":"https:\/\/www.loruenser.org\/en\/wp-json\/wp\/v2\/pages"}],"about":[{"href":"https:\/\/www.loruenser.org\/en\/wp-json\/wp\/v2\/types\/page"}],"author":[{"embeddable":true,"href":"https:\/\/www.loruenser.org\/en\/wp-json\/wp\/v2\/users\/11"}],"replies":[{"embeddable":true,"href":"https:\/\/www.loruenser.org\/en\/wp-json\/wp\/v2\/comments?post=2520"}],"version-history":[{"count":2,"href":"https:\/\/www.loruenser.org\/en\/wp-json\/wp\/v2\/pages\/2520\/revisions"}],"predecessor-version":[{"id":2695,"href":"https:\/\/www.loruenser.org\/en\/wp-json\/wp\/v2\/pages\/2520\/revisions\/2695"}],"wp:attachment":[{"href":"https:\/\/www.loruenser.org\/en\/wp-json\/wp\/v2\/media?parent=2520"}],"curies":[{"name":"wp","href":"https:\/\/api.w.org\/{rel}","templated":true}]}}